{"id":3,"date":"2023-09-08T12:13:25","date_gmt":"2023-09-08T10:13:25","guid":{"rendered":"https:\/\/labigualdad.es\/?page_id=3"},"modified":"2023-11-09T09:23:33","modified_gmt":"2023-11-09T08:23:33","slug":"politica-privacidad","status":"publish","type":"page","link":"https:\/\/labigualdad.es\/index.php\/politica-privacidad\/","title":{"rendered":"Pol\u00edtica de privacidad"},"content":{"rendered":"\n<h2 class=\"wp-block-heading\">Qui\u00e9nes somos<\/h2>\n\n\n\n<p>Esta web est\u00e1 gestionada por el Centro de Innovaci\u00f3n FABLAB Igualdad, surgido como <a rel=\"noreferrer noopener\" href=\"https:\/\/opaugranada.es\/actuacion.php?idActuacion=575\" target=\"_blank\">medida tractora de la Agenda Urbana y Rural Provincial<\/a>, y situado en el Centro Igualdad de La Zubia (Centro Carmen Jim\u00e9nez).<\/p>\n\n\n\n<h2 class=\"wp-block-heading\">Cookies<\/h2>\n\n\n\n<p>Si te conectas a este sitio, instalaremos una cookie temporal para determinar si tu navegador acepta cookies. Esta cookie no contiene datos personales y se elimina al cerrar el navegador.<\/p>\n\n\n\n<p>Cuando accedas, tambi\u00e9n instalaremos cookies para guardar informaci\u00f3n relacionada con el an\u00e1lisis posterior de uso de la web.<\/p>\n\n\n\n<p>Puedes consultar todos los detalles acerca de la cookies usadas en <a rel=\"noreferrer noopener\" href=\"https:\/\/labigualdad.es\/index.php\/politica-de-cookies\/\" target=\"_blank\">este enlace.<\/a><\/p>\n\n\n\n<h2 class=\"wp-block-heading\">Cu\u00e1nto tiempo conservamos tus datos<\/h2>\n\n\n\n<p>Cuando los visitantes dejan una propuesta en el apartado &#8220;PARTICIPA&#8221; o se suscribe a nuestra Newsletter, recopilamos estos datos que se rellenan del formulario y se conservan indefinidamente. S\u00f3lo los administradores de la web pueden ver y editar esa informaci\u00f3n.<\/p>\n\n\n\n<p><\/p>\n","protected":false},"excerpt":{"rendered":"<p>Qui\u00e9nes somos Esta web est\u00e1 gestionada por el Centro de Innovaci\u00f3n FABLAB Igualdad, surgido como medida tractora de la Agenda Urbana y Rural Provincial, y situado en el Centro Igualdad de La Zubia (Centro Carmen Jim\u00e9nez). Cookies Si te conectas a este sitio, instalaremos una cookie temporal para determinar si tu navegador acepta cookies. Esta&#8230;<\/p>\n","protected":false},"author":1,"featured_media":0,"parent":0,"menu_order":0,"comment_status":"closed","ping_status":"open","template":"","meta":{"_kad_post_transparent":"","_kad_post_title":"","_kad_post_layout":"","_kad_post_sidebar_id":"","_kad_post_content_style":"","_kad_post_vertical_padding":"","_kad_post_feature":"","_kad_post_feature_position":"","_kad_post_header":false,"_kad_post_footer":false,"footnotes":""},"class_list":["post-3","page","type-page","status-publish","hentry"],"_links":{"self":[{"href":"https:\/\/labigualdad.es\/index.php\/wp-json\/wp\/v2\/pages\/3","targetHints":{"allow":["GET"]}}],"collection":[{"href":"https:\/\/labigualdad.es\/index.php\/wp-json\/wp\/v2\/pages"}],"about":[{"href":"https:\/\/labigualdad.es\/index.php\/wp-json\/wp\/v2\/types\/page"}],"author":[{"embeddable":true,"href":"https:\/\/labigualdad.es\/index.php\/wp-json\/wp\/v2\/users\/1"}],"replies":[{"embeddable":true,"href":"https:\/\/labigualdad.es\/index.php\/wp-json\/wp\/v2\/comments?post=3"}],"version-history":[{"count":1,"href":"https:\/\/labigualdad.es\/index.php\/wp-json\/wp\/v2\/pages\/3\/revisions"}],"predecessor-version":[{"id":847,"href":"https:\/\/labigualdad.es\/index.php\/wp-json\/wp\/v2\/pages\/3\/revisions\/847"}],"wp:attachment":[{"href":"https:\/\/labigualdad.es\/index.php\/wp-json\/wp\/v2\/media?parent=3"}],"curies":[{"name":"wp","href":"https:\/\/api.w.org\/{rel}","templated":true}]}}