{"id":176,"date":"2023-09-18T10:00:20","date_gmt":"2023-09-18T08:00:20","guid":{"rendered":"https:\/\/labigualdad.es\/?page_id=176"},"modified":"2026-04-13T11:46:12","modified_gmt":"2026-04-13T09:46:12","slug":"newsletter","status":"publish","type":"page","link":"https:\/\/labigualdad.es\/index.php\/newsletter\/","title":{"rendered":"Newsletter"},"content":{"rendered":"\n<p class=\"has-text-align-center\"><strong>Con la suscripci\u00f3n a nuestra newsletter recibir\u00e1s las noticias y novedades del centro de innovaci\u00f3n para que no te pierdas nada. <\/strong><\/p>\n\n\n\n<hr class=\"wp-block-separator has-text-color has-theme-palette-7-color has-alpha-channel-opacity has-theme-palette-7-background-color has-background is-style-wide\"\/>\n\n\n\n<div class=\"wp-block-kadence-form kadence-form-176_5a554c-1b kb-form-wrap\"><form class=\"kb-form\" action=\"\" method=\"post\"><div class=\"kadence-blocks-form-field kb-field-desk-width-100 kb-input-size-standard\"><label for=\"kb_field_176_5a554c-1b_0\">Email<span class=\"required\">*<\/span><\/label><input name=\"kb_field_0\" id=\"kb_field_176_5a554c-1b_0\" data-label=\"Email\" type=\"email\" placeholder=\"\" value=\"\" data-type=\"email\" class=\"kb-field kb-text-style-field kb-email-field kb-field-0\" data-required=\"yes\"\/><\/div><div class=\"kadence-blocks-form-field kb-form-field-1 kb-field-desk-width-100 kb-input-size-standard kb-accept-form-field\"><a href=\"https:\/\/labigualdad.es\/index.php\/politica-privacidad\/\" target=\"_blank\" rel=\"noopener noreferrer\" class=\"kb-accept-link\">Pol\u00edtica de privacidad<\/a><input type=\"checkbox\" name=\"kb_field_1\" id=\"kb_field_176_5a554c-1b_1\" class=\"kb-field kb-checkbox-style kb-accept\" value=\"accept\" data-type=\"accept\" data-required=\"yes\"\/><label for=\"kb_field_176_5a554c-1b_1\">Acepto que se almacene mi Email para el env\u00edo de newsletter<span class=\"required\">*<\/span><\/label><\/div><input type=\"hidden\" name=\"_kb_form_id\" value=\"176_5a554c-1b\"\/><input type=\"hidden\" name=\"_kb_form_post_id\" value=\"176\"\/><input type=\"hidden\" name=\"action\" value=\"kb_process_ajax_submit\"\/><div class=\"kadence-blocks-form-field kb-submit-field kb-field-desk-width-100\"><button class=\"kb-forms-submit button kb-button-size-standard kb-button-width-auto\">SUSCRIBIRME<\/button><\/div><\/form><\/div>\n<noscript><div class=\"kadence-blocks-form-message kadence-blocks-form-warning\">Please enable JavaScript in your browser to submit the form<\/div><style>.kadence-form-176_5a554c-1b .kadence-blocks-form-field.kb-submit-field { display: none; }<\/style><\/noscript>\n\n\n<p><\/p>\n\n\n\n<p class=\"has-text-align-center\" style=\"font-size:34px\"><strong>NEWSLETTER PUBLICADAS \u21b4<\/strong><\/p>\n\n\n\n<div class=\"wp-block-columns are-vertically-aligned-center has-theme-palette-7-background-color has-background is-layout-flex wp-container-core-columns-is-layout-1 wp-block-columns-is-layout-flex\">\n<div class=\"wp-block-column is-vertically-aligned-center is-layout-flow wp-block-column-is-layout-flow\" style=\"flex-basis:10%\"><\/div>\n\n\n\n<div class=\"wp-block-column is-vertically-aligned-center is-layout-flow wp-block-column-is-layout-flow\" style=\"flex-basis:40%\">\n<p class=\"has-text-align-center\" style=\"font-size:20px\"><a href=\"https:\/\/labigualdad.es\/news\/MARZO26\/\" target=\"_blank\" rel=\"noreferrer noopener\">NEWSLETTER <strong>MARZO 2026<\/strong><\/a><\/p>\n<\/div>\n\n\n\n<div class=\"wp-block-column is-vertically-aligned-center is-layout-flow wp-block-column-is-layout-flow\" style=\"flex-basis:30%\"><div class=\"wp-block-image\">\n<figure class=\"aligncenter size-full\"><a href=\"https:\/\/labigualdad.es\/news\/MARZO2025\/\" target=\"_blank\" rel=\" noreferrer noopener\"><img loading=\"lazy\" decoding=\"async\" width=\"600\" height=\"184\" src=\"https:\/\/labigualdad.es\/wp-content\/uploads\/2023\/09\/newsletter.png\" alt=\"\" class=\"wp-image-626\" srcset=\"https:\/\/labigualdad.es\/wp-content\/uploads\/2023\/09\/newsletter.png 600w, https:\/\/labigualdad.es\/wp-content\/uploads\/2023\/09\/newsletter-300x92.png 300w\" sizes=\"auto, (max-width: 600px) 100vw, 600px\" \/><\/a><\/figure><\/div><\/div>\n\n\n\n<div class=\"wp-block-column is-vertically-aligned-center is-layout-flow wp-block-column-is-layout-flow\" style=\"flex-basis:20%\"><\/div>\n<\/div>\n\n\n\n<div class=\"wp-block-columns are-vertically-aligned-center has-theme-palette-7-background-color has-background is-layout-flex wp-container-core-columns-is-layout-2 wp-block-columns-is-layout-flex\">\n<div class=\"wp-block-column is-vertically-aligned-center is-layout-flow wp-block-column-is-layout-flow\" style=\"flex-basis:10%\"><\/div>\n\n\n\n<div class=\"wp-block-column is-vertically-aligned-center is-layout-flow wp-block-column-is-layout-flow\" style=\"flex-basis:40%\">\n<p class=\"has-text-align-center\" style=\"font-size:20px\"><a href=\"https:\/\/labigualdad.es\/news\/DICIEMBRE25\/\" target=\"_blank\" rel=\"noreferrer noopener\">NEWSLETTER <strong>DICIEMBRE 2025<\/strong><\/a><\/p>\n<\/div>\n\n\n\n<div class=\"wp-block-column is-vertically-aligned-center is-layout-flow wp-block-column-is-layout-flow\" style=\"flex-basis:30%\"><div class=\"wp-block-image\">\n<figure class=\"aligncenter size-full\"><a href=\"https:\/\/labigualdad.es\/news\/MARZO2025\/\" target=\"_blank\" rel=\" noreferrer noopener\"><img loading=\"lazy\" decoding=\"async\" width=\"600\" height=\"184\" src=\"https:\/\/labigualdad.es\/wp-content\/uploads\/2023\/09\/newsletter.png\" alt=\"\" class=\"wp-image-626\" srcset=\"https:\/\/labigualdad.es\/wp-content\/uploads\/2023\/09\/newsletter.png 600w, https:\/\/labigualdad.es\/wp-content\/uploads\/2023\/09\/newsletter-300x92.png 300w\" sizes=\"auto, (max-width: 600px) 100vw, 600px\" \/><\/a><\/figure><\/div><\/div>\n\n\n\n<div class=\"wp-block-column is-vertically-aligned-center is-layout-flow wp-block-column-is-layout-flow\" style=\"flex-basis:20%\"><\/div>\n<\/div>\n\n\n\n<div class=\"wp-block-columns are-vertically-aligned-center has-theme-palette-7-background-color has-background is-layout-flex wp-container-core-columns-is-layout-3 wp-block-columns-is-layout-flex\">\n<div class=\"wp-block-column is-vertically-aligned-center is-layout-flow wp-block-column-is-layout-flow\" style=\"flex-basis:10%\"><\/div>\n\n\n\n<div class=\"wp-block-column is-vertically-aligned-center is-layout-flow wp-block-column-is-layout-flow\" style=\"flex-basis:40%\">\n<p class=\"has-text-align-center\" style=\"font-size:20px\"><a href=\"https:\/\/labigualdad.es\/news\/SEPTIEMBRE25\/\" target=\"_blank\" rel=\"noreferrer noopener\">NEWSLETTER <strong>SEPTIEMBRE 2025<\/strong><\/a><\/p>\n<\/div>\n\n\n\n<div class=\"wp-block-column is-vertically-aligned-center is-layout-flow wp-block-column-is-layout-flow\" style=\"flex-basis:30%\"><div class=\"wp-block-image\">\n<figure class=\"aligncenter size-full\"><a href=\"https:\/\/labigualdad.es\/news\/MARZO2025\/\" target=\"_blank\" rel=\" noreferrer noopener\"><img loading=\"lazy\" decoding=\"async\" width=\"600\" height=\"184\" src=\"https:\/\/labigualdad.es\/wp-content\/uploads\/2023\/09\/newsletter.png\" alt=\"\" class=\"wp-image-626\" srcset=\"https:\/\/labigualdad.es\/wp-content\/uploads\/2023\/09\/newsletter.png 600w, https:\/\/labigualdad.es\/wp-content\/uploads\/2023\/09\/newsletter-300x92.png 300w\" sizes=\"auto, (max-width: 600px) 100vw, 600px\" \/><\/a><\/figure><\/div><\/div>\n\n\n\n<div class=\"wp-block-column is-vertically-aligned-center is-layout-flow wp-block-column-is-layout-flow\" style=\"flex-basis:20%\"><\/div>\n<\/div>\n\n\n\n<div class=\"wp-block-columns are-vertically-aligned-center has-theme-palette-7-background-color has-background is-layout-flex wp-container-core-columns-is-layout-4 wp-block-columns-is-layout-flex\">\n<div class=\"wp-block-column is-vertically-aligned-center is-layout-flow wp-block-column-is-layout-flow\" style=\"flex-basis:10%\"><\/div>\n\n\n\n<div class=\"wp-block-column is-vertically-aligned-center is-layout-flow wp-block-column-is-layout-flow\" style=\"flex-basis:40%\">\n<p class=\"has-text-align-center\" style=\"font-size:20px\"><a href=\"https:\/\/labigualdad.es\/news\/JUNIO2025\/\" target=\"_blank\" rel=\"noreferrer noopener\">NEWSLETTER <strong>JUNIO 2025<\/strong><\/a><\/p>\n<\/div>\n\n\n\n<div class=\"wp-block-column is-vertically-aligned-center is-layout-flow wp-block-column-is-layout-flow\" style=\"flex-basis:30%\"><div class=\"wp-block-image\">\n<figure class=\"aligncenter size-full\"><a href=\"https:\/\/labigualdad.es\/news\/MARZO2025\/\" target=\"_blank\" rel=\" noreferrer noopener\"><img loading=\"lazy\" decoding=\"async\" width=\"600\" height=\"184\" src=\"https:\/\/labigualdad.es\/wp-content\/uploads\/2023\/09\/newsletter.png\" alt=\"\" class=\"wp-image-626\" srcset=\"https:\/\/labigualdad.es\/wp-content\/uploads\/2023\/09\/newsletter.png 600w, https:\/\/labigualdad.es\/wp-content\/uploads\/2023\/09\/newsletter-300x92.png 300w\" sizes=\"auto, (max-width: 600px) 100vw, 600px\" \/><\/a><\/figure><\/div><\/div>\n\n\n\n<div class=\"wp-block-column is-vertically-aligned-center is-layout-flow wp-block-column-is-layout-flow\" style=\"flex-basis:20%\"><\/div>\n<\/div>\n\n\n\n<div class=\"wp-block-columns are-vertically-aligned-center has-theme-palette-7-background-color has-background is-layout-flex wp-container-core-columns-is-layout-5 wp-block-columns-is-layout-flex\">\n<div class=\"wp-block-column is-vertically-aligned-center is-layout-flow wp-block-column-is-layout-flow\" style=\"flex-basis:10%\"><\/div>\n\n\n\n<div class=\"wp-block-column is-vertically-aligned-center is-layout-flow wp-block-column-is-layout-flow\" style=\"flex-basis:40%\">\n<p class=\"has-text-align-center\" style=\"font-size:20px\"><a href=\"https:\/\/labigualdad.es\/news\/MARZO2025\/\" target=\"_blank\" rel=\"noreferrer noopener\">NEWSLETTER <strong>MARZO 2025<\/strong><\/a><\/p>\n<\/div>\n\n\n\n<div class=\"wp-block-column is-vertically-aligned-center is-layout-flow wp-block-column-is-layout-flow\" style=\"flex-basis:30%\"><div class=\"wp-block-image\">\n<figure class=\"aligncenter size-full\"><a href=\"https:\/\/labigualdad.es\/news\/MARZO2025\/\" target=\"_blank\" rel=\" noreferrer noopener\"><img loading=\"lazy\" decoding=\"async\" width=\"600\" height=\"184\" src=\"https:\/\/labigualdad.es\/wp-content\/uploads\/2023\/09\/newsletter.png\" alt=\"\" class=\"wp-image-626\" srcset=\"https:\/\/labigualdad.es\/wp-content\/uploads\/2023\/09\/newsletter.png 600w, https:\/\/labigualdad.es\/wp-content\/uploads\/2023\/09\/newsletter-300x92.png 300w\" sizes=\"auto, (max-width: 600px) 100vw, 600px\" \/><\/a><\/figure><\/div><\/div>\n\n\n\n<div class=\"wp-block-column is-vertically-aligned-center is-layout-flow wp-block-column-is-layout-flow\" style=\"flex-basis:20%\"><\/div>\n<\/div>\n\n\n\n<div class=\"wp-block-columns are-vertically-aligned-center has-theme-palette-7-background-color has-background is-layout-flex wp-container-core-columns-is-layout-6 wp-block-columns-is-layout-flex\">\n<div class=\"wp-block-column is-vertically-aligned-center is-layout-flow wp-block-column-is-layout-flow\" style=\"flex-basis:10%\"><\/div>\n\n\n\n<div class=\"wp-block-column is-vertically-aligned-center is-layout-flow wp-block-column-is-layout-flow\" style=\"flex-basis:40%\">\n<p class=\"has-text-align-center\" style=\"font-size:20px\"><a href=\"https:\/\/labigualdad.es\/news\/DICIEMBRE24\/\" target=\"_blank\" rel=\"noreferrer noopener\">NEWSLETTER <strong>DICIEMBRE 2024<\/strong><\/a><\/p>\n<\/div>\n\n\n\n<div class=\"wp-block-column is-vertically-aligned-center is-layout-flow wp-block-column-is-layout-flow\" style=\"flex-basis:30%\"><div class=\"wp-block-image\">\n<figure class=\"aligncenter size-full\"><a href=\"https:\/\/labigualdad.es\/news\/DICIEMBRE24\/\" target=\"_blank\" rel=\" noreferrer noopener\"><img loading=\"lazy\" decoding=\"async\" width=\"600\" height=\"184\" src=\"https:\/\/labigualdad.es\/wp-content\/uploads\/2023\/09\/newsletter.png\" alt=\"\" class=\"wp-image-626\" srcset=\"https:\/\/labigualdad.es\/wp-content\/uploads\/2023\/09\/newsletter.png 600w, https:\/\/labigualdad.es\/wp-content\/uploads\/2023\/09\/newsletter-300x92.png 300w\" sizes=\"auto, (max-width: 600px) 100vw, 600px\" \/><\/a><\/figure><\/div><\/div>\n\n\n\n<div class=\"wp-block-column is-vertically-aligned-center is-layout-flow wp-block-column-is-layout-flow\" style=\"flex-basis:20%\"><\/div>\n<\/div>\n\n\n\n<div class=\"wp-block-columns are-vertically-aligned-center has-theme-palette-7-background-color has-background is-layout-flex wp-container-core-columns-is-layout-7 wp-block-columns-is-layout-flex\">\n<div class=\"wp-block-column is-vertically-aligned-center is-layout-flow wp-block-column-is-layout-flow\" style=\"flex-basis:10%\"><\/div>\n\n\n\n<div class=\"wp-block-column is-vertically-aligned-center is-layout-flow wp-block-column-is-layout-flow\" style=\"flex-basis:40%\">\n<p class=\"has-text-align-center\" style=\"font-size:20px\"><a href=\"https:\/\/labigualdad.es\/news\/NOVIEMBRE24\/\" target=\"_blank\" rel=\"noreferrer noopener\">NEWSLETTER <strong>NOVIEMBRE 2024<\/strong><\/a><\/p>\n<\/div>\n\n\n\n<div class=\"wp-block-column is-vertically-aligned-center is-layout-flow wp-block-column-is-layout-flow\" style=\"flex-basis:30%\"><div class=\"wp-block-image\">\n<figure class=\"aligncenter size-full\"><a href=\"https:\/\/labigualdad.es\/news\/NOVIEMBRE24\/\" target=\"_blank\" rel=\" noreferrer noopener\"><img loading=\"lazy\" decoding=\"async\" width=\"600\" height=\"184\" src=\"https:\/\/labigualdad.es\/wp-content\/uploads\/2023\/09\/newsletter.png\" alt=\"\" class=\"wp-image-626\" srcset=\"https:\/\/labigualdad.es\/wp-content\/uploads\/2023\/09\/newsletter.png 600w, https:\/\/labigualdad.es\/wp-content\/uploads\/2023\/09\/newsletter-300x92.png 300w\" sizes=\"auto, (max-width: 600px) 100vw, 600px\" \/><\/a><\/figure><\/div><\/div>\n\n\n\n<div class=\"wp-block-column is-vertically-aligned-center is-layout-flow wp-block-column-is-layout-flow\" style=\"flex-basis:20%\"><\/div>\n<\/div>\n\n\n\n<div class=\"wp-block-columns are-vertically-aligned-center has-theme-palette-7-background-color has-background is-layout-flex wp-container-core-columns-is-layout-8 wp-block-columns-is-layout-flex\">\n<div class=\"wp-block-column is-vertically-aligned-center is-layout-flow wp-block-column-is-layout-flow\" style=\"flex-basis:10%\"><\/div>\n\n\n\n<div class=\"wp-block-column is-vertically-aligned-center is-layout-flow wp-block-column-is-layout-flow\" style=\"flex-basis:40%\">\n<p class=\"has-text-align-center\" style=\"font-size:20px\"><a href=\"https:\/\/labigualdad.es\/news\/JULIO2024\/\" target=\"_blank\" rel=\"noreferrer noopener\">NEWSLETTER <strong>JULIO 2024<\/strong><\/a><\/p>\n<\/div>\n\n\n\n<div class=\"wp-block-column is-vertically-aligned-center is-layout-flow wp-block-column-is-layout-flow\" style=\"flex-basis:30%\"><div class=\"wp-block-image\">\n<figure class=\"aligncenter size-full\"><a href=\"https:\/\/labigualdad.es\/news\/JULIO2024\/\" target=\"_blank\" rel=\" noreferrer noopener\"><img loading=\"lazy\" decoding=\"async\" width=\"600\" height=\"184\" src=\"https:\/\/labigualdad.es\/wp-content\/uploads\/2023\/09\/newsletter.png\" alt=\"\" class=\"wp-image-626\" srcset=\"https:\/\/labigualdad.es\/wp-content\/uploads\/2023\/09\/newsletter.png 600w, https:\/\/labigualdad.es\/wp-content\/uploads\/2023\/09\/newsletter-300x92.png 300w\" sizes=\"auto, (max-width: 600px) 100vw, 600px\" \/><\/a><\/figure><\/div><\/div>\n\n\n\n<div class=\"wp-block-column is-vertically-aligned-center is-layout-flow wp-block-column-is-layout-flow\" style=\"flex-basis:20%\"><\/div>\n<\/div>\n\n\n\n<div class=\"wp-block-columns are-vertically-aligned-center has-theme-palette-7-background-color has-background is-layout-flex wp-container-core-columns-is-layout-9 wp-block-columns-is-layout-flex\">\n<div class=\"wp-block-column is-vertically-aligned-center is-layout-flow wp-block-column-is-layout-flow\" style=\"flex-basis:10%\"><\/div>\n\n\n\n<div class=\"wp-block-column is-vertically-aligned-center is-layout-flow wp-block-column-is-layout-flow\" style=\"flex-basis:40%\">\n<p class=\"has-text-align-center\" style=\"font-size:20px\"><a href=\"https:\/\/labigualdad.es\/news\/MARZO2024\/index.html\" target=\"_blank\" rel=\"noreferrer noopener\">NEWSLETTER <strong>MARZO 2024<\/strong><\/a><\/p>\n<\/div>\n\n\n\n<div class=\"wp-block-column is-vertically-aligned-center is-layout-flow wp-block-column-is-layout-flow\" style=\"flex-basis:30%\"><div class=\"wp-block-image\">\n<figure class=\"aligncenter size-full\"><a href=\"https:\/\/labigualdad.es\/news\/MARZO2024\/index.html\" target=\"_blank\" rel=\" noreferrer noopener\"><img loading=\"lazy\" decoding=\"async\" width=\"598\" height=\"156\" src=\"https:\/\/labigualdad.es\/wp-content\/uploads\/2024\/03\/nov_23.jpg\" alt=\"\" class=\"wp-image-862\" srcset=\"https:\/\/labigualdad.es\/wp-content\/uploads\/2024\/03\/nov_23.jpg 598w, https:\/\/labigualdad.es\/wp-content\/uploads\/2024\/03\/nov_23-300x78.jpg 300w\" sizes=\"auto, (max-width: 598px) 100vw, 598px\" \/><\/a><\/figure><\/div><\/div>\n\n\n\n<div class=\"wp-block-column is-vertically-aligned-center is-layout-flow wp-block-column-is-layout-flow\" style=\"flex-basis:20%\"><\/div>\n<\/div>\n\n\n\n<div class=\"wp-block-columns are-vertically-aligned-center has-theme-palette-7-background-color has-background is-layout-flex wp-container-core-columns-is-layout-10 wp-block-columns-is-layout-flex\">\n<div class=\"wp-block-column is-vertically-aligned-center is-layout-flow wp-block-column-is-layout-flow\" style=\"flex-basis:10%\"><\/div>\n\n\n\n<div class=\"wp-block-column is-vertically-aligned-center is-layout-flow wp-block-column-is-layout-flow\" style=\"flex-basis:40%\">\n<p class=\"has-text-align-center\" style=\"font-size:20px\"><a href=\"https:\/\/www.labigualdad.es\/news\/noviembre2023zubia\/index.html\" target=\"_blank\" rel=\"noreferrer noopener\">NEWSLETTER <strong>NOVIEMBRE 2023<\/strong><\/a><\/p>\n<\/div>\n\n\n\n<div class=\"wp-block-column is-vertically-aligned-center is-layout-flow wp-block-column-is-layout-flow\" style=\"flex-basis:30%\"><div class=\"wp-block-image\">\n<figure class=\"aligncenter size-full\"><a href=\"https:\/\/www.labigualdad.es\/news\/noviembre2023zubia\/index.html\" target=\"_blank\" rel=\" noreferrer noopener\"><img loading=\"lazy\" decoding=\"async\" width=\"598\" height=\"156\" src=\"https:\/\/labigualdad.es\/wp-content\/uploads\/2024\/03\/nov_23.jpg\" alt=\"\" class=\"wp-image-862\" srcset=\"https:\/\/labigualdad.es\/wp-content\/uploads\/2024\/03\/nov_23.jpg 598w, https:\/\/labigualdad.es\/wp-content\/uploads\/2024\/03\/nov_23-300x78.jpg 300w\" sizes=\"auto, (max-width: 598px) 100vw, 598px\" \/><\/a><\/figure><\/div><\/div>\n\n\n\n<div class=\"wp-block-column is-vertically-aligned-center is-layout-flow wp-block-column-is-layout-flow\" style=\"flex-basis:20%\"><\/div>\n<\/div>\n\n\n\n<div class=\"wp-block-columns are-vertically-aligned-center has-theme-palette-7-background-color has-background is-layout-flex wp-container-core-columns-is-layout-11 wp-block-columns-is-layout-flex\">\n<div class=\"wp-block-column is-vertically-aligned-center is-layout-flow wp-block-column-is-layout-flow\" style=\"flex-basis:10%\"><\/div>\n\n\n\n<div class=\"wp-block-column is-vertically-aligned-center is-layout-flow wp-block-column-is-layout-flow\" style=\"flex-basis:40%\">\n<p class=\"has-text-align-center\" style=\"font-size:20px\"><a href=\"https:\/\/www.labigualdad.es\/news\/JULIO2023\/index.html\" target=\"_blank\" rel=\"noreferrer noopener\">NEWSLETTER<strong> JULIO 2023<\/strong><\/a><\/p>\n<\/div>\n\n\n\n<div class=\"wp-block-column is-vertically-aligned-center is-layout-flow wp-block-column-is-layout-flow\" style=\"flex-basis:30%\"><div class=\"wp-block-image\">\n<figure class=\"aligncenter size-full\"><a href=\"https:\/\/www.labigualdad.es\/news\/JULIO2023\/index.html\" target=\"_blank\" rel=\"noreferrer noopener\"><img loading=\"lazy\" decoding=\"async\" width=\"600\" height=\"184\" src=\"https:\/\/labigualdad.es\/wp-content\/uploads\/2023\/09\/newsletter.png\" alt=\"\" class=\"wp-image-626\" srcset=\"https:\/\/labigualdad.es\/wp-content\/uploads\/2023\/09\/newsletter.png 600w, https:\/\/labigualdad.es\/wp-content\/uploads\/2023\/09\/newsletter-300x92.png 300w\" sizes=\"auto, (max-width: 600px) 100vw, 600px\" \/><\/a><\/figure><\/div><\/div>\n\n\n\n<div class=\"wp-block-column is-vertically-aligned-center is-layout-flow wp-block-column-is-layout-flow\" style=\"flex-basis:20%\"><\/div>\n<\/div>\n\n\n\n<div class=\"wp-block-columns are-vertically-aligned-center has-theme-palette-7-background-color has-background is-layout-flex wp-container-core-columns-is-layout-12 wp-block-columns-is-layout-flex\">\n<div class=\"wp-block-column is-vertically-aligned-center is-layout-flow wp-block-column-is-layout-flow\" style=\"flex-basis:10%\"><\/div>\n\n\n\n<div class=\"wp-block-column is-vertically-aligned-center is-layout-flow wp-block-column-is-layout-flow\" style=\"flex-basis:40%\">\n<p class=\"has-text-align-center\" style=\"font-size:20px\"><a href=\"https:\/\/www.labigualdad.es\/news\/MAYO2023\/index.html\" target=\"_blank\" rel=\"noreferrer noopener\">NEWSLETTER <strong>MAYO 2023<\/strong><\/a><\/p>\n<\/div>\n\n\n\n<div class=\"wp-block-column is-vertically-aligned-center is-layout-flow wp-block-column-is-layout-flow\" style=\"flex-basis:30%\"><div class=\"wp-block-image\">\n<figure class=\"aligncenter size-full\"><a href=\"https:\/\/www.labigualdad.es\/news\/MAYO2023\/index.html\" target=\"_blank\" rel=\"noreferrer noopener\"><img loading=\"lazy\" decoding=\"async\" width=\"600\" height=\"184\" src=\"https:\/\/labigualdad.es\/wp-content\/uploads\/2023\/09\/newsletter.png\" alt=\"\" class=\"wp-image-626\" srcset=\"https:\/\/labigualdad.es\/wp-content\/uploads\/2023\/09\/newsletter.png 600w, https:\/\/labigualdad.es\/wp-content\/uploads\/2023\/09\/newsletter-300x92.png 300w\" sizes=\"auto, (max-width: 600px) 100vw, 600px\" \/><\/a><\/figure><\/div><\/div>\n\n\n\n<div class=\"wp-block-column is-vertically-aligned-center is-layout-flow wp-block-column-is-layout-flow\" style=\"flex-basis:20%\"><\/div>\n<\/div>\n\n\n\n<div class=\"wp-block-columns are-vertically-aligned-center has-theme-palette-7-background-color has-background is-layout-flex wp-container-core-columns-is-layout-13 wp-block-columns-is-layout-flex\">\n<div class=\"wp-block-column is-vertically-aligned-center is-layout-flow wp-block-column-is-layout-flow\" style=\"flex-basis:10%\"><\/div>\n\n\n\n<div class=\"wp-block-column is-vertically-aligned-center is-layout-flow wp-block-column-is-layout-flow\" style=\"flex-basis:40%\">\n<p class=\"has-text-align-center\" style=\"font-size:20px\"><a rel=\"noreferrer noopener\" href=\"https:\/\/www.labigualdad.es\/news\/ENERO2023\/index.html\" target=\"_blank\">NEWSLETTER <strong>ENERO 2023<\/strong><\/a><\/p>\n<\/div>\n\n\n\n<div class=\"wp-block-column is-vertically-aligned-center is-layout-flow wp-block-column-is-layout-flow\" style=\"flex-basis:30%\"><div class=\"wp-block-image\">\n<figure class=\"aligncenter size-full\"><a href=\"https:\/\/www.labigualdad.es\/news\/ENERO2023\/index.html\" target=\"_blank\" rel=\"noreferrer noopener\"><img loading=\"lazy\" decoding=\"async\" width=\"600\" height=\"184\" src=\"https:\/\/labigualdad.es\/wp-content\/uploads\/2023\/09\/newsletter.png\" alt=\"\" class=\"wp-image-626\" srcset=\"https:\/\/labigualdad.es\/wp-content\/uploads\/2023\/09\/newsletter.png 600w, https:\/\/labigualdad.es\/wp-content\/uploads\/2023\/09\/newsletter-300x92.png 300w\" sizes=\"auto, (max-width: 600px) 100vw, 600px\" \/><\/a><\/figure><\/div><\/div>\n\n\n\n<div class=\"wp-block-column is-vertically-aligned-center is-layout-flow wp-block-column-is-layout-flow\" style=\"flex-basis:20%\"><\/div>\n<\/div>\n\n\n\n<div class=\"wp-block-columns are-vertically-aligned-center has-theme-palette-7-background-color has-background is-layout-flex wp-container-core-columns-is-layout-14 wp-block-columns-is-layout-flex\">\n<div class=\"wp-block-column is-vertically-aligned-center is-layout-flow wp-block-column-is-layout-flow\" style=\"flex-basis:10%\"><\/div>\n\n\n\n<div class=\"wp-block-column is-vertically-aligned-center is-layout-flow wp-block-column-is-layout-flow\" style=\"flex-basis:40%\">\n<p class=\"has-text-align-center\" style=\"font-size:20px\"><a href=\"https:\/\/www.labigualdad.es\/news\/JULIO2022\/index.html\" target=\"_blank\" rel=\"noreferrer noopener\">NEWSLETTER <strong>JULIO 2022<\/strong><\/a><\/p>\n<\/div>\n\n\n\n<div class=\"wp-block-column is-vertically-aligned-center is-layout-flow wp-block-column-is-layout-flow\" style=\"flex-basis:30%\"><div class=\"wp-block-image\">\n<figure class=\"aligncenter size-full\"><a href=\"https:\/\/www.labigualdad.es\/news\/JULIO2022\/index.html\" target=\"_blank\" rel=\"noreferrer noopener\"><img loading=\"lazy\" decoding=\"async\" width=\"600\" height=\"184\" src=\"https:\/\/labigualdad.es\/wp-content\/uploads\/2023\/09\/newsletter.png\" alt=\"\" class=\"wp-image-626\" srcset=\"https:\/\/labigualdad.es\/wp-content\/uploads\/2023\/09\/newsletter.png 600w, https:\/\/labigualdad.es\/wp-content\/uploads\/2023\/09\/newsletter-300x92.png 300w\" sizes=\"auto, (max-width: 600px) 100vw, 600px\" \/><\/a><\/figure><\/div><\/div>\n\n\n\n<div class=\"wp-block-column is-vertically-aligned-center is-layout-flow wp-block-column-is-layout-flow\" style=\"flex-basis:20%\"><\/div>\n<\/div>\n","protected":false},"excerpt":{"rendered":"<p>Con la suscripci\u00f3n a nuestra newsletter recibir\u00e1s las noticias y novedades del centro de innovaci\u00f3n para que no te pierdas nada. NEWSLETTER PUBLICADAS \u21b4 NEWSLETTER MARZO 2026 NEWSLETTER DICIEMBRE 2025 NEWSLETTER SEPTIEMBRE 2025 NEWSLETTER JUNIO 2025 NEWSLETTER MARZO 2025 NEWSLETTER DICIEMBRE 2024 NEWSLETTER NOVIEMBRE 2024 NEWSLETTER JULIO 2024 NEWSLETTER MARZO 2024 NEWSLETTER NOVIEMBRE 2023 NEWSLETTER&#8230;<\/p>\n","protected":false},"author":1,"featured_media":0,"parent":0,"menu_order":0,"comment_status":"closed","ping_status":"closed","template":"","meta":{"_kad_post_transparent":"","_kad_post_title":"","_kad_post_layout":"","_kad_post_sidebar_id":"","_kad_post_content_style":"","_kad_post_vertical_padding":"","_kad_post_feature":"","_kad_post_feature_position":"","_kad_post_header":false,"_kad_post_footer":false,"footnotes":""},"class_list":["post-176","page","type-page","status-publish","hentry"],"_links":{"self":[{"href":"https:\/\/labigualdad.es\/index.php\/wp-json\/wp\/v2\/pages\/176","targetHints":{"allow":["GET"]}}],"collection":[{"href":"https:\/\/labigualdad.es\/index.php\/wp-json\/wp\/v2\/pages"}],"about":[{"href":"https:\/\/labigualdad.es\/index.php\/wp-json\/wp\/v2\/types\/page"}],"author":[{"embeddable":true,"href":"https:\/\/labigualdad.es\/index.php\/wp-json\/wp\/v2\/users\/1"}],"replies":[{"embeddable":true,"href":"https:\/\/labigualdad.es\/index.php\/wp-json\/wp\/v2\/comments?post=176"}],"version-history":[{"count":37,"href":"https:\/\/labigualdad.es\/index.php\/wp-json\/wp\/v2\/pages\/176\/revisions"}],"predecessor-version":[{"id":928,"href":"https:\/\/labigualdad.es\/index.php\/wp-json\/wp\/v2\/pages\/176\/revisions\/928"}],"wp:attachment":[{"href":"https:\/\/labigualdad.es\/index.php\/wp-json\/wp\/v2\/media?parent=176"}],"curies":[{"name":"wp","href":"https:\/\/api.w.org\/{rel}","templated":true}]}}