{"id":173,"date":"2023-09-18T09:59:00","date_gmt":"2023-09-18T07:59:00","guid":{"rendered":"https:\/\/labigualdad.es\/?page_id=173"},"modified":"2023-10-09T13:41:58","modified_gmt":"2023-10-09T11:41:58","slug":"participa","status":"publish","type":"page","link":"https:\/\/labigualdad.es\/index.php\/participa\/","title":{"rendered":"Participa"},"content":{"rendered":"\n<p><\/p>\n\n\n<style>.wp-block-kadence-column.kb-section-dir-horizontal > .kt-inside-inner-col > .kt-info-box173_32c5e9-36 .kt-blocks-info-box-link-wrap{max-width:unset;}.kt-info-box173_32c5e9-36 .kt-blocks-info-box-link-wrap{background:var(--global-palette9, #ffffff);padding-top:var(--global-kb-spacing-xs, 1rem);padding-right:var(--global-kb-spacing-xs, 1rem);padding-bottom:var(--global-kb-spacing-xs, 1rem);padding-left:var(--global-kb-spacing-xs, 1rem);}.kt-info-box173_32c5e9-36.wp-block-kadence-infobox{max-width:100%;}.kt-info-box173_32c5e9-36 .kadence-info-box-image-inner-intrisic-container{max-width:250px;}.kt-info-box173_32c5e9-36 .kadence-info-box-image-inner-intrisic-container .kadence-info-box-image-intrisic{padding-bottom:67.6758%;width:1024px;height:0px;max-width:100%;}.kt-info-box173_32c5e9-36 .kadence-info-box-icon-container .kt-info-svg-icon, .kt-info-box173_32c5e9-36 .kt-info-svg-icon-flip, .kt-info-box173_32c5e9-36 .kt-blocks-info-box-number{font-size:50px;}.kt-info-box173_32c5e9-36 .kt-blocks-info-box-media{border-color:var(--global-palette7, #eeeeee);border-top-width:0px;border-right-width:0px;border-bottom-width:0px;border-left-width:0px;padding-top:10px;padding-right:10px;padding-bottom:10px;padding-left:10px;}.kt-info-box173_32c5e9-36 .kt-blocks-info-box-media-container{margin-top:0px;margin-right:15px;margin-bottom:0px;margin-left:15px;}.kt-info-box173_32c5e9-36 .kt-infobox-textcontent h2.kt-blocks-info-box-title{padding-top:0px;padding-right:0px;padding-bottom:0px;padding-left:0px;margin-top:5px;margin-right:0px;margin-bottom:10px;margin-left:0px;}.kt-info-box173_32c5e9-36 .kt-blocks-info-box-learnmore{background:transparent;border-width:0px 0px 0px 0px;padding-top:4px;padding-right:8px;padding-bottom:4px;padding-left:8px;margin-top:10px;margin-right:0px;margin-bottom:10px;margin-left:0px;}<\/style>\n<div class=\"wp-block-kadence-infobox kt-info-box173_32c5e9-36\"><span class=\"kt-blocks-info-box-link-wrap info-box-link kt-blocks-info-box-media-align-top kt-info-halign-center\"><div class=\"kt-blocks-info-box-media-container\"><div class=\"kt-blocks-info-box-media kt-info-media-animate-none\"><div class=\"kadence-info-box-image-inner-intrisic-container\"><div class=\"kadence-info-box-image-intrisic kt-info-animate-none\"><div class=\"kadence-info-box-image-inner-intrisic\"><img loading=\"lazy\" decoding=\"async\" src=\"https:\/\/labigualdad.es\/wp-content\/uploads\/2023\/09\/participa.png\" alt=\"\" width=\"1024\" height=\"693\" class=\"kt-info-box-image wp-image-599\" srcset=\"https:\/\/labigualdad.es\/wp-content\/uploads\/2023\/09\/participa.png 1024w, https:\/\/labigualdad.es\/wp-content\/uploads\/2023\/09\/participa-300x203.png 300w, https:\/\/labigualdad.es\/wp-content\/uploads\/2023\/09\/participa-768x520.png 768w\" sizes=\"auto, (max-width: 1024px) 100vw, 1024px\" \/><\/div><\/div><\/div><\/div><\/div><div class=\"kt-infobox-textcontent\"><h2 class=\"kt-blocks-info-box-title\"><strong>Haznos llegar tu propuesta<\/strong><\/h2><p class=\"kt-blocks-info-box-text\">Completa el siguiente Formulario de Participaci\u00f3n y estudiaremos tu propuesta.<\/p><\/div><\/span><\/div>\n\n\n\n<hr class=\"wp-block-separator has-text-color has-theme-palette-7-color has-alpha-channel-opacity has-theme-palette-7-background-color has-background is-style-wide\"\/>\n\n\n\n<div class=\"wp-block-columns is-layout-flex wp-container-core-columns-is-layout-1 wp-block-columns-is-layout-flex\">\n<div class=\"wp-block-column is-layout-flow wp-block-column-is-layout-flow\" style=\"flex-basis:10%\"><\/div>\n\n\n\n<div class=\"wp-block-column is-layout-flow wp-block-column-is-layout-flow\" style=\"flex-basis:80%\"><div class=\"forminator-ui forminator-custom-form forminator-custom-form-800 forminator-design--default  forminator_ajax\" data-forminator-render=\"0\" data-form=\"forminator-module-800\" data-uid=\"69fb3b5eda053\"><br\/><\/div><form\n\t\t\t\tid=\"forminator-module-800\"\n\t\t\t\tclass=\"forminator-ui forminator-custom-form forminator-custom-form-800 forminator-design--default  forminator_ajax\"\n\t\t\t\tmethod=\"post\"\n\t\t\t\tdata-forminator-render=\"0\"\n\t\t\t\tdata-form-id=\"800\"\n\t\t\t\t\n\t\t\t\tdata-design=\"default\"\n\t\t\t\tdata-color-option=\"default\"\n\t\t\t\t\n\t\t\t\t\n\t\t\t\t\n\t\t\t\tdata-grid=\"open\"\n\t\t\t\t\n\t\t\t\t\n\t\t\t\tstyle=\"display: none;\"\n\t\t\t\t\n\t\t\t\tdata-uid=\"69fb3b5eda053\"\n\t\t\t><div role=\"alert\" aria-live=\"polite\" class=\"forminator-response-message forminator-error\" aria-hidden=\"true\"><\/div><div class=\"forminator-row\"><div id=\"text-3\" class=\"forminator-field-text forminator-col forminator-col-12 \"><div class=\"forminator-field\"><label for=\"forminator-field-text-3_69fb3b5eda053\" id=\"forminator-field-text-3_69fb3b5eda053-label\" class=\"forminator-label\">T\u00edtulo o denominaci\u00f3n <span class=\"forminator-required\">*<\/span><\/label><input type=\"text\" name=\"text-3\" value=\"\" placeholder=\"T\u00edtulo de tu propuesta\" id=\"forminator-field-text-3_69fb3b5eda053\" class=\"forminator-input forminator-name--field\" data-required=\"1\" \/><\/div><\/div><\/div><div class=\"forminator-row\"><div id=\"address-1\" class=\"forminator-field-address forminator-col forminator-col-12 \"><div class=\"forminator-row\" data-multiple=\"false\"><div id=\"address-1-city\" class=\"forminator-col forminator-col-12\"><div class=\"forminator-field\"><label for=\"forminator-field-address-1-city_69fb3b5eda053\" id=\"forminator-field-address-1-city_69fb3b5eda053-label\" class=\"forminator-label\">Ciudad\/Municipio <span class=\"forminator-required\">*<\/span><\/label><input type=\"text\" name=\"address-1-city\" placeholder=\"Ejemplo: La Zubia\" id=\"forminator-field-address-1-city_69fb3b5eda053\" class=\"forminator-input\" data-required=\"1\" aria-required=\"true\" value=\"\" \/><\/div><\/div><\/div><\/div><\/div><div class=\"forminator-row\"><div id=\"textarea-1\" class=\"forminator-field-textarea forminator-col forminator-col-12 \"><div class=\"forminator-field\"><label for=\"forminator-field-textarea-1_69fb3b5eda053\" id=\"forminator-field-textarea-1_69fb3b5eda053-label\" class=\"forminator-label\">Descripci\u00f3n <span class=\"forminator-required\">*<\/span><\/label><textarea name=\"textarea-1\" placeholder=\"Describe aqu\u00ed tu propuesta con detalle.\" id=\"forminator-field-textarea-1_69fb3b5eda053\" class=\"forminator-textarea\" rows=\"6\" style=\"min-height:140px;\" ><\/textarea><\/div><\/div><\/div><div class=\"forminator-row\"><div id=\"textarea-2\" class=\"forminator-field-textarea forminator-col forminator-col-12 \"><div class=\"forminator-field\"><label for=\"forminator-field-textarea-2_69fb3b5eda053\" id=\"forminator-field-textarea-2_69fb3b5eda053-label\" class=\"forminator-label\">Notas (opcional)<\/label><textarea name=\"textarea-2\" placeholder=\"Aqu\u00ed puedes a\u00f1adir notas aclaratorias o detalles m\u00e1s espec\u00edficos de tu propuesta\" id=\"forminator-field-textarea-2_69fb3b5eda053\" class=\"forminator-textarea\" rows=\"6\" style=\"min-height:140px;\" ><\/textarea><\/div><\/div><\/div><div class=\"forminator-row\"><div id=\"email-1\" class=\"forminator-field-email forminator-col forminator-col-12 \"><div class=\"forminator-field\"><label for=\"forminator-field-email-1_69fb3b5eda053\" id=\"forminator-field-email-1_69fb3b5eda053-label\" class=\"forminator-label\">Correo electr\u00f3nico <span class=\"forminator-required\">*<\/span><\/label><input type=\"email\" name=\"email-1\" value=\"\" placeholder=\"\" id=\"forminator-field-email-1_69fb3b5eda053\" class=\"forminator-input forminator-email--field\" data-required=\"1\" aria-required=\"true\" \/><\/div><\/div><\/div><div class=\"forminator-row\"><div id=\"checkbox-1\" class=\"forminator-field-checkbox forminator-col forminator-col-12 \"><div role=\"group\" class=\"forminator-field required\" aria-labelledby=\"forminator-checkbox-group-forminator-field-checkbox-1-69fb3b5eda053-label\"><span id=\"forminator-checkbox-group-forminator-field-checkbox-1-69fb3b5eda053-label\" class=\"forminator-label\">Verificacion <span class=\"forminator-required\">*<\/span><\/span><label id=\"forminator-field-checkbox-1-1-69fb3b5eda053-label\" for=\"forminator-field-checkbox-1-1-69fb3b5eda053\" class=\"forminator-checkbox\" title=\"No soy un Robot\"><input type=\"checkbox\" name=\"checkbox-1[]\" value=\"one\" id=\"forminator-field-checkbox-1-1-69fb3b5eda053\" aria-labelledby=\"forminator-field-checkbox-1-1-69fb3b5eda053-label\" data-calculation=\"0\"   data-hidden-behavior=\"zero\"\/><span class=\"forminator-checkbox-box\" aria-hidden=\"true\"><\/span><span class=\"forminator-checkbox-label\">No soy un Robot<\/span><\/label><\/div><\/div><\/div><input type=\"hidden\" name=\"referer_url\" value=\"\" \/><div class=\"forminator-row forminator-row-last\"><div class=\"forminator-col\"><div class=\"forminator-field\"><button class=\"forminator-button forminator-button-submit\">Enviar PROPUESTA<\/button><\/div><\/div><\/div><input type=\"hidden\" id=\"forminator_nonce\" name=\"forminator_nonce\" value=\"f23053c103\" \/><input type=\"hidden\" name=\"_wp_http_referer\" value=\"\/index.php\/wp-json\/wp\/v2\/pages\/173\" \/><input type=\"hidden\" name=\"form_id\" value=\"800\"><input type=\"hidden\" name=\"page_id\" value=\"173\"><input type=\"hidden\" name=\"form_type\" value=\"default\"><input type=\"hidden\" name=\"current_url\" value=\"https:\/\/labigualdad.es\/index.php\/participa\/\"><input type=\"hidden\" name=\"render_id\" value=\"0\"><input type=\"hidden\" name=\"action\" value=\"forminator_submit_form_custom-forms\"><\/form>\n<\/div>\n\n\n\n<div class=\"wp-block-column is-layout-flow wp-block-column-is-layout-flow\" style=\"flex-basis:10%\"><\/div>\n<\/div>\n","protected":false},"excerpt":{"rendered":"","protected":false},"author":1,"featured_media":0,"parent":0,"menu_order":0,"comment_status":"closed","ping_status":"closed","template":"","meta":{"_kad_post_transparent":"","_kad_post_title":"","_kad_post_layout":"","_kad_post_sidebar_id":"","_kad_post_content_style":"","_kad_post_vertical_padding":"","_kad_post_feature":"","_kad_post_feature_position":"","_kad_post_header":false,"_kad_post_footer":false,"footnotes":""},"class_list":["post-173","page","type-page","status-publish","hentry"],"_links":{"self":[{"href":"https:\/\/labigualdad.es\/index.php\/wp-json\/wp\/v2\/pages\/173","targetHints":{"allow":["GET"]}}],"collection":[{"href":"https:\/\/labigualdad.es\/index.php\/wp-json\/wp\/v2\/pages"}],"about":[{"href":"https:\/\/labigualdad.es\/index.php\/wp-json\/wp\/v2\/types\/page"}],"author":[{"embeddable":true,"href":"https:\/\/labigualdad.es\/index.php\/wp-json\/wp\/v2\/users\/1"}],"replies":[{"embeddable":true,"href":"https:\/\/labigualdad.es\/index.php\/wp-json\/wp\/v2\/comments?post=173"}],"version-history":[{"count":12,"href":"https:\/\/labigualdad.es\/index.php\/wp-json\/wp\/v2\/pages\/173\/revisions"}],"predecessor-version":[{"id":804,"href":"https:\/\/labigualdad.es\/index.php\/wp-json\/wp\/v2\/pages\/173\/revisions\/804"}],"wp:attachment":[{"href":"https:\/\/labigualdad.es\/index.php\/wp-json\/wp\/v2\/media?parent=173"}],"curies":[{"name":"wp","href":"https:\/\/api.w.org\/{rel}","templated":true}]}}