{"id":145,"date":"2023-09-18T09:00:58","date_gmt":"2023-09-18T07:00:58","guid":{"rendered":"https:\/\/labigualdad.es\/?page_id=145"},"modified":"2023-09-25T14:32:51","modified_gmt":"2023-09-25T12:32:51","slug":"buenas-practicas","status":"publish","type":"page","link":"https:\/\/labigualdad.es\/index.php\/buenas-practicas\/","title":{"rendered":"Buenas pr\u00e1cticas"},"content":{"rendered":"\n<p>Las buenas pr\u00e1cticas son actuaciones o experiencias que se pueden desarrollar en \u00e1mbitos variados, tanto en el empresarial o el de pol\u00edticas p\u00fablicas, y que muestran resultados positivos respecto a sus objetivos iniciales. Se trata de un tipo de conocimiento adquirido tras una experiencia en la que su dise\u00f1o e implementaci\u00f3n ha sido \u00fatil para poder realizar una transferencia potencialmente exitosa a otros contextos.<\/p>\n\n\n\n<hr class=\"wp-block-separator has-text-color has-theme-palette-7-color has-alpha-channel-opacity has-theme-palette-7-background-color has-background is-style-wide\"\/>\n\n\n<ul class=\"wp-block-kadence-posts kb-posts kadence-posts-list kb-posts-id-145_5b0508-dc content-wrap grid-cols kb-posts-style-boxed grid-sm-col-2 grid-lg-col-3 item-image-style-above\"><li class=\"kb-post-list-item\">\n\t<article class=\"entry content-bg loop-entry post-273 post type-post status-publish format-standard has-post-thumbnail hentry category-buenas-practicas\">\n\t\t\t\t<a aria-hidden=\"true\" tabindex=\"-1\" role=\"presentation\" class=\"post-thumbnail kadence-thumbnail-ratio-9-16\" href=\"https:\/\/labigualdad.es\/index.php\/2023\/09\/22\/cluster-primeras-pobladoras-en-la-comarca-de-baza\/\" aria-label=\"CLUSTER PRIMERAS POBLADORAS EN LA COMARCA DE BAZA\">\n\t\t\t<div class=\"post-thumbnail-inner\">\n\t\t\t\t<img loading=\"lazy\" decoding=\"async\" width=\"500\" height=\"500\" src=\"https:\/\/labigualdad.es\/wp-content\/uploads\/2023\/09\/primeras_pobladoras.jpg\" class=\"attachment-medium_large size-medium_large wp-post-image\" alt=\"CLUSTER PRIMERAS POBLADORAS EN LA COMARCA DE BAZA\" srcset=\"https:\/\/labigualdad.es\/wp-content\/uploads\/2023\/09\/primeras_pobladoras.jpg 500w, https:\/\/labigualdad.es\/wp-content\/uploads\/2023\/09\/primeras_pobladoras-300x300.jpg 300w, https:\/\/labigualdad.es\/wp-content\/uploads\/2023\/09\/primeras_pobladoras-150x150.jpg 150w\" sizes=\"auto, (max-width: 500px) 100vw, 500px\" \/>\t\t\t<\/div>\n\t\t<\/a><!-- .post-thumbnail -->\n\t\t\t\t<div class=\"entry-content-wrap\">\n\t\t\t<header class=\"entry-header\">\n\t<h4 class=\"entry-title\"><a href=\"https:\/\/labigualdad.es\/index.php\/2023\/09\/22\/cluster-primeras-pobladoras-en-la-comarca-de-baza\/\" rel=\"bookmark\">CLUSTER PRIMERAS POBLADORAS EN LA COMARCA DE BAZA<\/a><\/h4><\/header><!-- .entry-header -->\n\t<div class=\"entry-summary\">\n\t\t<p>La Comarca de Baza ser\u00e1 la sede del nuevo Cluster formado por mujeres empresarias del territorio del Geoparque de Granada&#8230;.<\/p>\n\t<\/div><!-- .entry-summary -->\n\t<footer class=\"entry-footer\">\n\t\t\t<div class=\"entry-actions\">\n\t\t\t<p class=\"more-link-wrap\">\n\t\t\t\t<a href=\"https:\/\/labigualdad.es\/index.php\/2023\/09\/22\/cluster-primeras-pobladoras-en-la-comarca-de-baza\/\" class=\"post-more-link\">\n\t\t\t\t\tRead More<span class=\"screen-reader-text\"> CLUSTER PRIMERAS POBLADORAS EN LA COMARCA DE BAZA<\/span><span class=\"kadence-svg-iconset svg-baseline\"><svg aria-hidden=\"true\" class=\"kadence-svg-icon kadence-arrow-right-alt-svg\" fill=\"currentColor\" version=\"1.1\" xmlns=\"http:\/\/www.w3.org\/2000\/svg\" width=\"27\" height=\"28\" viewBox=\"0 0 27 28\"><title>Continue<\/title><path d=\"M27 13.953c0 0.141-0.063 0.281-0.156 0.375l-6 5.531c-0.156 0.141-0.359 0.172-0.547 0.094-0.172-0.078-0.297-0.25-0.297-0.453v-3.5h-19.5c-0.281 0-0.5-0.219-0.5-0.5v-3c0-0.281 0.219-0.5 0.5-0.5h19.5v-3.5c0-0.203 0.109-0.375 0.297-0.453s0.391-0.047 0.547 0.078l6 5.469c0.094 0.094 0.156 0.219 0.156 0.359v0z\"><\/path>\n\t\t\t<\/svg><\/span>\t\t\t\t<\/a>\n\t\t\t<\/p>\n\t\t<\/div><!-- .entry-actions -->\n\t\t<\/footer><!-- .entry-footer -->\t\t<\/div>\n\t<\/article>\n<\/li>\n<li class=\"kb-post-list-item\">\n\t<article class=\"entry content-bg loop-entry post-266 post type-post status-publish format-standard has-post-thumbnail hentry category-buenas-practicas\">\n\t\t\t\t<a aria-hidden=\"true\" tabindex=\"-1\" role=\"presentation\" class=\"post-thumbnail kadence-thumbnail-ratio-9-16\" href=\"https:\/\/labigualdad.es\/index.php\/2023\/09\/22\/poderosas-fcyt-fablab-leon-leon\/\" aria-label=\"PODEROSAS FECYT &#8211; FABLAB LE\u00d3N (LE\u00d3N)\">\n\t\t\t<div class=\"post-thumbnail-inner\">\n\t\t\t\t<img loading=\"lazy\" decoding=\"async\" width=\"600\" height=\"334\" src=\"https:\/\/labigualdad.es\/wp-content\/uploads\/2023\/09\/poderosas_2.jpg\" class=\"attachment-medium_large size-medium_large wp-post-image\" alt=\"PODEROSAS FECYT &#8211; FABLAB LE\u00d3N (LE\u00d3N)\" srcset=\"https:\/\/labigualdad.es\/wp-content\/uploads\/2023\/09\/poderosas_2.jpg 600w, https:\/\/labigualdad.es\/wp-content\/uploads\/2023\/09\/poderosas_2-300x167.jpg 300w\" sizes=\"auto, (max-width: 600px) 100vw, 600px\" \/>\t\t\t<\/div>\n\t\t<\/a><!-- .post-thumbnail -->\n\t\t\t\t<div class=\"entry-content-wrap\">\n\t\t\t<header class=\"entry-header\">\n\t<h4 class=\"entry-title\"><a href=\"https:\/\/labigualdad.es\/index.php\/2023\/09\/22\/poderosas-fcyt-fablab-leon-leon\/\" rel=\"bookmark\">PODEROSAS FECYT &#8211; FABLAB LE\u00d3N (LE\u00d3N)<\/a><\/h4><\/header><!-- .entry-header -->\n\t<div class=\"entry-summary\">\n\t\t<p>\u201cPoderosas-FECYT\u201d es un proyecto dirigido a ni\u00f1as&nbsp; de 6 a 11 a\u00f1os, en colaboraci\u00f3n y de manera simult\u00e1nea con el&#8230;<\/p>\n\t<\/div><!-- .entry-summary -->\n\t<footer class=\"entry-footer\">\n\t\t\t<div class=\"entry-actions\">\n\t\t\t<p class=\"more-link-wrap\">\n\t\t\t\t<a href=\"https:\/\/labigualdad.es\/index.php\/2023\/09\/22\/poderosas-fcyt-fablab-leon-leon\/\" class=\"post-more-link\">\n\t\t\t\t\tRead More<span class=\"screen-reader-text\"> PODEROSAS FECYT &#8211; FABLAB LE\u00d3N (LE\u00d3N)<\/span><span class=\"kadence-svg-iconset svg-baseline\"><svg aria-hidden=\"true\" class=\"kadence-svg-icon kadence-arrow-right-alt-svg\" fill=\"currentColor\" version=\"1.1\" xmlns=\"http:\/\/www.w3.org\/2000\/svg\" width=\"27\" height=\"28\" viewBox=\"0 0 27 28\"><title>Continue<\/title><path d=\"M27 13.953c0 0.141-0.063 0.281-0.156 0.375l-6 5.531c-0.156 0.141-0.359 0.172-0.547 0.094-0.172-0.078-0.297-0.25-0.297-0.453v-3.5h-19.5c-0.281 0-0.5-0.219-0.5-0.5v-3c0-0.281 0.219-0.5 0.5-0.5h19.5v-3.5c0-0.203 0.109-0.375 0.297-0.453s0.391-0.047 0.547 0.078l6 5.469c0.094 0.094 0.156 0.219 0.156 0.359v0z\"><\/path>\n\t\t\t<\/svg><\/span>\t\t\t\t<\/a>\n\t\t\t<\/p>\n\t\t<\/div><!-- .entry-actions -->\n\t\t<\/footer><!-- .entry-footer -->\t\t<\/div>\n\t<\/article>\n<\/li>\n<li class=\"kb-post-list-item\">\n\t<article class=\"entry content-bg loop-entry post-263 post type-post status-publish format-standard has-post-thumbnail hentry category-buenas-practicas\">\n\t\t\t\t<a aria-hidden=\"true\" tabindex=\"-1\" role=\"presentation\" class=\"post-thumbnail kadence-thumbnail-ratio-9-16\" href=\"https:\/\/labigualdad.es\/index.php\/2023\/09\/22\/mujeres-makers\/\" aria-label=\"MUJERES MAKERS\">\n\t\t\t<div class=\"post-thumbnail-inner\">\n\t\t\t\t<img loading=\"lazy\" decoding=\"async\" width=\"285\" height=\"177\" src=\"https:\/\/labigualdad.es\/wp-content\/uploads\/2023\/09\/mujeres_makers.png\" class=\"attachment-medium_large size-medium_large wp-post-image\" alt=\"MUJERES MAKERS\" \/>\t\t\t<\/div>\n\t\t<\/a><!-- .post-thumbnail -->\n\t\t\t\t<div class=\"entry-content-wrap\">\n\t\t\t<header class=\"entry-header\">\n\t<h4 class=\"entry-title\"><a href=\"https:\/\/labigualdad.es\/index.php\/2023\/09\/22\/mujeres-makers\/\" rel=\"bookmark\">MUJERES MAKERS<\/a><\/h4><\/header><!-- .entry-header -->\n\t<div class=\"entry-summary\">\n\t\t<p>La ciencia y la tecnolog\u00eda tienen color violeta. A lo largo de la historia son innumerables los ejemplos de mujeres&#8230;<\/p>\n\t<\/div><!-- .entry-summary -->\n\t<footer class=\"entry-footer\">\n\t\t\t<div class=\"entry-actions\">\n\t\t\t<p class=\"more-link-wrap\">\n\t\t\t\t<a href=\"https:\/\/labigualdad.es\/index.php\/2023\/09\/22\/mujeres-makers\/\" class=\"post-more-link\">\n\t\t\t\t\tRead More<span class=\"screen-reader-text\"> MUJERES MAKERS<\/span><span class=\"kadence-svg-iconset svg-baseline\"><svg aria-hidden=\"true\" class=\"kadence-svg-icon kadence-arrow-right-alt-svg\" fill=\"currentColor\" version=\"1.1\" xmlns=\"http:\/\/www.w3.org\/2000\/svg\" width=\"27\" height=\"28\" viewBox=\"0 0 27 28\"><title>Continue<\/title><path d=\"M27 13.953c0 0.141-0.063 0.281-0.156 0.375l-6 5.531c-0.156 0.141-0.359 0.172-0.547 0.094-0.172-0.078-0.297-0.25-0.297-0.453v-3.5h-19.5c-0.281 0-0.5-0.219-0.5-0.5v-3c0-0.281 0.219-0.5 0.5-0.5h19.5v-3.5c0-0.203 0.109-0.375 0.297-0.453s0.391-0.047 0.547 0.078l6 5.469c0.094 0.094 0.156 0.219 0.156 0.359v0z\"><\/path>\n\t\t\t<\/svg><\/span>\t\t\t\t<\/a>\n\t\t\t<\/p>\n\t\t<\/div><!-- .entry-actions -->\n\t\t<\/footer><!-- .entry-footer -->\t\t<\/div>\n\t<\/article>\n<\/li>\n<li class=\"kb-post-list-item\">\n\t<article class=\"entry content-bg loop-entry post-259 post type-post status-publish format-standard has-post-thumbnail hentry category-buenas-practicas\">\n\t\t\t\t<a aria-hidden=\"true\" tabindex=\"-1\" role=\"presentation\" class=\"post-thumbnail kadence-thumbnail-ratio-9-16\" href=\"https:\/\/labigualdad.es\/index.php\/2023\/09\/22\/accion-de-street-marketing-al-reves-tu-tambien-te-asustarias-guejar-sierra\/\" aria-label=\"ACCI\u00d3N DE STREET MARKETING \u201cAL REV\u00c9S T\u00da TAMBI\u00c9N TE ASUSTAR\u00cdAS\u201d (G\u00fc\u00e9jar Sierra)\">\n\t\t\t<div class=\"post-thumbnail-inner\">\n\t\t\t\t<img loading=\"lazy\" decoding=\"async\" width=\"303\" height=\"166\" src=\"https:\/\/labigualdad.es\/wp-content\/uploads\/2023\/09\/street.jpg\" class=\"attachment-medium_large size-medium_large wp-post-image\" alt=\"ACCI\u00d3N DE STREET MARKETING \u201cAL REV\u00c9S T\u00da TAMBI\u00c9N TE ASUSTAR\u00cdAS\u201d (G\u00fc\u00e9jar Sierra)\" srcset=\"https:\/\/labigualdad.es\/wp-content\/uploads\/2023\/09\/street.jpg 303w, https:\/\/labigualdad.es\/wp-content\/uploads\/2023\/09\/street-300x164.jpg 300w\" sizes=\"auto, (max-width: 303px) 100vw, 303px\" \/>\t\t\t<\/div>\n\t\t<\/a><!-- .post-thumbnail -->\n\t\t\t\t<div class=\"entry-content-wrap\">\n\t\t\t<header class=\"entry-header\">\n\t<h4 class=\"entry-title\"><a href=\"https:\/\/labigualdad.es\/index.php\/2023\/09\/22\/accion-de-street-marketing-al-reves-tu-tambien-te-asustarias-guejar-sierra\/\" rel=\"bookmark\">ACCI\u00d3N DE STREET MARKETING \u201cAL REV\u00c9S T\u00da TAMBI\u00c9N TE ASUSTAR\u00cdAS\u201d (G\u00fc\u00e9jar Sierra)<\/a><\/h4><\/header><!-- .entry-header -->\n\t<div class=\"entry-summary\">\n\t\t<p>Campa\u00f1a de street marketing donde se presentan situaciones de acoso callejero habituales en la vida de las mujeres, d\u00e1ndole la&#8230;<\/p>\n\t<\/div><!-- .entry-summary -->\n\t<footer class=\"entry-footer\">\n\t\t\t<div class=\"entry-actions\">\n\t\t\t<p class=\"more-link-wrap\">\n\t\t\t\t<a href=\"https:\/\/labigualdad.es\/index.php\/2023\/09\/22\/accion-de-street-marketing-al-reves-tu-tambien-te-asustarias-guejar-sierra\/\" class=\"post-more-link\">\n\t\t\t\t\tRead More<span class=\"screen-reader-text\"> ACCI\u00d3N DE STREET MARKETING \u201cAL REV\u00c9S T\u00da TAMBI\u00c9N TE ASUSTAR\u00cdAS\u201d (G\u00fc\u00e9jar Sierra)<\/span><span class=\"kadence-svg-iconset svg-baseline\"><svg aria-hidden=\"true\" class=\"kadence-svg-icon kadence-arrow-right-alt-svg\" fill=\"currentColor\" version=\"1.1\" xmlns=\"http:\/\/www.w3.org\/2000\/svg\" width=\"27\" height=\"28\" viewBox=\"0 0 27 28\"><title>Continue<\/title><path d=\"M27 13.953c0 0.141-0.063 0.281-0.156 0.375l-6 5.531c-0.156 0.141-0.359 0.172-0.547 0.094-0.172-0.078-0.297-0.25-0.297-0.453v-3.5h-19.5c-0.281 0-0.5-0.219-0.5-0.5v-3c0-0.281 0.219-0.5 0.5-0.5h19.5v-3.5c0-0.203 0.109-0.375 0.297-0.453s0.391-0.047 0.547 0.078l6 5.469c0.094 0.094 0.156 0.219 0.156 0.359v0z\"><\/path>\n\t\t\t<\/svg><\/span>\t\t\t\t<\/a>\n\t\t\t<\/p>\n\t\t<\/div><!-- .entry-actions -->\n\t\t<\/footer><!-- .entry-footer -->\t\t<\/div>\n\t<\/article>\n<\/li>\n<\/ul>","protected":false},"excerpt":{"rendered":"<p>Las buenas pr\u00e1cticas son actuaciones o experiencias que se pueden desarrollar en \u00e1mbitos variados, tanto en el empresarial o el de pol\u00edticas p\u00fablicas, y que muestran resultados positivos respecto a sus objetivos iniciales. Se trata de un tipo de conocimiento adquirido tras una experiencia en la que su dise\u00f1o e implementaci\u00f3n ha sido \u00fatil para&#8230;<\/p>\n","protected":false},"author":1,"featured_media":0,"parent":0,"menu_order":0,"comment_status":"closed","ping_status":"closed","template":"","meta":{"_kad_post_transparent":"","_kad_post_title":"","_kad_post_layout":"","_kad_post_sidebar_id":"","_kad_post_content_style":"","_kad_post_vertical_padding":"","_kad_post_feature":"","_kad_post_feature_position":"","_kad_post_header":false,"_kad_post_footer":false,"footnotes":""},"class_list":["post-145","page","type-page","status-publish","hentry"],"_links":{"self":[{"href":"https:\/\/labigualdad.es\/index.php\/wp-json\/wp\/v2\/pages\/145","targetHints":{"allow":["GET"]}}],"collection":[{"href":"https:\/\/labigualdad.es\/index.php\/wp-json\/wp\/v2\/pages"}],"about":[{"href":"https:\/\/labigualdad.es\/index.php\/wp-json\/wp\/v2\/types\/page"}],"author":[{"embeddable":true,"href":"https:\/\/labigualdad.es\/index.php\/wp-json\/wp\/v2\/users\/1"}],"replies":[{"embeddable":true,"href":"https:\/\/labigualdad.es\/index.php\/wp-json\/wp\/v2\/comments?post=145"}],"version-history":[{"count":12,"href":"https:\/\/labigualdad.es\/index.php\/wp-json\/wp\/v2\/pages\/145\/revisions"}],"predecessor-version":[{"id":392,"href":"https:\/\/labigualdad.es\/index.php\/wp-json\/wp\/v2\/pages\/145\/revisions\/392"}],"wp:attachment":[{"href":"https:\/\/labigualdad.es\/index.php\/wp-json\/wp\/v2\/media?parent=145"}],"curies":[{"name":"wp","href":"https:\/\/api.w.org\/{rel}","templated":true}]}}