{"id":107,"date":"2023-09-11T13:57:28","date_gmt":"2023-09-11T11:57:28","guid":{"rendered":"https:\/\/labigualdad.es\/?page_id=107"},"modified":"2023-10-16T11:19:49","modified_gmt":"2023-10-16T09:19:49","slug":"seminario-permanente","status":"publish","type":"page","link":"https:\/\/labigualdad.es\/index.php\/seminario-permanente\/","title":{"rendered":"Seminario Permanente"},"content":{"rendered":"\n<p class=\"has-large-font-size\"><strong>Seminario Permanente sobre Gobernanza y Pol\u00edticas Locales de Igualdad en la Administraci\u00f3n Local. La Agenda de las Pol\u00edticas de Igualdad.<\/strong><\/p>\n\n\n<style>.kb-image107_bfe23d-07.kb-image-is-ratio-size, .kb-image107_bfe23d-07 .kb-image-is-ratio-size{max-width:285px;width:100%;}.wp-block-kadence-column > .kt-inside-inner-col > .kb-image107_bfe23d-07.kb-image-is-ratio-size, .wp-block-kadence-column > .kt-inside-inner-col > .kb-image107_bfe23d-07 .kb-image-is-ratio-size{align-self:unset;}.kb-image107_bfe23d-07 figure{max-width:285px;}.kb-image107_bfe23d-07 .image-is-svg, .kb-image107_bfe23d-07 .image-is-svg img{width:100%;}.kb-image107_bfe23d-07 .kb-image-has-overlay:after{opacity:0.3;}.kb-image107_bfe23d-07 img.kb-img, .kb-image107_bfe23d-07 .kb-img img{-webkit-mask-image:url(https:\/\/labigualdad.es\/wp-content\/plugins\/kadence-blocks\/includes\/assets\/images\/masks\/blob1.svg);mask-image:url(https:\/\/labigualdad.es\/wp-content\/plugins\/kadence-blocks\/includes\/assets\/images\/masks\/blob1.svg);-webkit-mask-size:auto;mask-size:auto;-webkit-mask-repeat:no-repeat;mask-repeat:no-repeat;-webkit-mask-position:center;mask-position:center;}<\/style>\n<div class=\"wp-block-kadence-image kb-image107_bfe23d-07\"><figure class=\"aligncenter size-medium kb-image-is-ratio-size\"><div class=\"kb-is-ratio-image kb-image-ratio-land43\"><img loading=\"lazy\" decoding=\"async\" width=\"300\" height=\"169\" src=\"https:\/\/labigualdad.es\/wp-content\/uploads\/2023\/09\/simbolo-igualdad-para-seminario-gobernanza-300x169.jpeg\" alt=\"\" class=\"kb-img wp-image-347\" srcset=\"https:\/\/labigualdad.es\/wp-content\/uploads\/2023\/09\/simbolo-igualdad-para-seminario-gobernanza-300x169.jpeg 300w, https:\/\/labigualdad.es\/wp-content\/uploads\/2023\/09\/simbolo-igualdad-para-seminario-gobernanza.jpeg 688w\" sizes=\"auto, (max-width: 300px) 100vw, 300px\" \/><\/div><\/figure><\/div>\n\n\n\n<hr class=\"wp-block-separator has-text-color has-theme-palette-7-color has-alpha-channel-opacity has-theme-palette-7-background-color has-background is-style-wide\"\/>\n\n\n\n<div class=\"wp-block-columns is-layout-flex wp-container-core-columns-is-layout-1 wp-block-columns-is-layout-flex\">\n<div class=\"wp-block-column is-layout-flow wp-block-column-is-layout-flow\" style=\"flex-basis:33.33%\">\n<p class=\"has-text-align-center\" style=\"font-size:32px\"><strong>Objetivo<\/strong><\/p>\n\n\n\n<p style=\"font-size:18px\">Crear un espacio de an\u00e1lisis, reflexi\u00f3n y acci\u00f3n para dirigentes de entidades locales que deben afrontar el dise\u00f1o y desarrollo de pol\u00edticas p\u00fablicas en materia de igualdad entre hombres y mujeres ante uno de los principales retos que debe afrontarse en este siglo XXI: lograr la igualdad efectiva entre mujeres y hombres en todos los \u00e1mbitos y contextos urbanos y rurales.<\/p>\n\n\n\n<p class=\"has-text-align-center\" style=\"font-size:30px\"><strong>Destinatarias<\/strong><\/p>\n\n\n\n<p style=\"font-size:18px\">Alcald\u00edas y concejal\u00edas de igualdad y puestos directivos en la administraci\u00f3n local.<\/p>\n\n\n\n<p><\/p>\n<\/div>\n\n\n\n<div class=\"wp-block-column is-layout-flow wp-block-column-is-layout-flow\" style=\"flex-basis:70%\"><style>.wp-block-kadence-column.kb-section-dir-horizontal > .kt-inside-inner-col > .kt-info-box107_07277a-e9 .kt-blocks-info-box-link-wrap{max-width:unset;}.kt-info-box107_07277a-e9 .kt-blocks-info-box-link-wrap{border-top:3px solid var(--global-palette7, #eeeeee);border-right:3px solid var(--global-palette7, #eeeeee);border-bottom:3px solid var(--global-palette7, #eeeeee);border-left:3px solid var(--global-palette7, #eeeeee);border-top-left-radius:5px;border-top-right-radius:5px;border-bottom-right-radius:5px;border-bottom-left-radius:5px;background:var(--global-palette8, #F7FAFC);padding-top:var(--global-kb-spacing-xs, 1rem);padding-right:var(--global-kb-spacing-xs, 1rem);padding-bottom:var(--global-kb-spacing-xs, 1rem);padding-left:var(--global-kb-spacing-xs, 1rem);}.kt-info-box107_07277a-e9.wp-block-kadence-infobox{max-width:100%;}.kt-info-box107_07277a-e9 .kadence-info-box-image-inner-intrisic-container{max-width:225px;}.kt-info-box107_07277a-e9 .kadence-info-box-image-inner-intrisic-container .kadence-info-box-image-intrisic{padding-bottom:100%;width:472px;height:0px;max-width:100%;}.kt-info-box107_07277a-e9 .kadence-info-box-icon-container .kt-info-svg-icon, .kt-info-box107_07277a-e9 .kt-info-svg-icon-flip, .kt-info-box107_07277a-e9 .kt-blocks-info-box-number{font-size:50px;}.kt-info-box107_07277a-e9 .kt-blocks-info-box-media{border-color:var(--global-palette7, #eeeeee);border-radius:200px;overflow:hidden;border-top-width:0px;border-right-width:0px;border-bottom-width:0px;border-left-width:0px;padding-top:20px;padding-right:20px;padding-bottom:20px;padding-left:20px;margin-top:0px;margin-right:20px;margin-bottom:0px;margin-left:0px;}.kt-info-box107_07277a-e9 .kt-blocks-info-box-media .kadence-info-box-image-intrisic img{border-radius:200px;}.kt-info-box107_07277a-e9 .kt-infobox-textcontent h4.kt-blocks-info-box-title{font-size:var(--global-kb-font-size-md, 1.25rem);padding-top:0px;padding-right:0px;padding-bottom:0px;padding-left:0px;margin-top:5px;margin-right:0px;margin-bottom:10px;margin-left:0px;}.wp-block-kadence-infobox.kt-info-box107_07277a-e9 .kt-blocks-info-box-text{font-size:16px;}.kt-info-box107_07277a-e9 .kt-blocks-info-box-learnmore{background:transparent;border-width:0px 0px 0px 0px;padding-top:4px;padding-right:8px;padding-bottom:4px;padding-left:8px;margin-top:10px;margin-right:0px;margin-bottom:10px;margin-left:0px;}@media all and (max-width: 1024px){.kt-info-box107_07277a-e9 .kt-blocks-info-box-link-wrap{border-top:3px solid var(--global-palette7, #eeeeee);border-right:3px solid var(--global-palette7, #eeeeee);border-bottom:3px solid var(--global-palette7, #eeeeee);border-left:3px solid var(--global-palette7, #eeeeee);}}@media all and (max-width: 767px){.kt-info-box107_07277a-e9 .kt-blocks-info-box-link-wrap{border-top:3px solid var(--global-palette7, #eeeeee);border-right:3px solid var(--global-palette7, #eeeeee);border-bottom:3px solid var(--global-palette7, #eeeeee);border-left:3px solid var(--global-palette7, #eeeeee);display:block;}.kt-info-box107_07277a-e9 .kt-blocks-info-box-link-wrap .kt-blocks-info-box-media{display:inline-block;max-width:100%;}}<\/style>\n<div class=\"wp-block-kadence-infobox kt-info-box107_07277a-e9\"><span class=\"kt-blocks-info-box-link-wrap info-box-link kt-blocks-info-box-media-align-right kt-info-halign-left\"><div class=\"kt-blocks-info-box-media-container\"><div class=\"kt-blocks-info-box-media kt-info-media-animate-grayscale\"><div class=\"kadence-info-box-image-inner-intrisic-container\"><div class=\"kadence-info-box-image-intrisic kt-info-animate-grayscale kb-info-box-image-ratio kb-info-box-image-ratio-square\"><div class=\"kadence-info-box-image-inner-intrisic\"><img loading=\"lazy\" decoding=\"async\" src=\"https:\/\/labigualdad.es\/wp-content\/uploads\/2023\/09\/Alicia_Miyares_cropped.jpg\" alt=\"\" width=\"472\" height=\"369\" class=\"kt-info-box-image wp-image-311\" srcset=\"https:\/\/labigualdad.es\/wp-content\/uploads\/2023\/09\/Alicia_Miyares_cropped.jpg 472w, https:\/\/labigualdad.es\/wp-content\/uploads\/2023\/09\/Alicia_Miyares_cropped-300x235.jpg 300w\" sizes=\"auto, (max-width: 472px) 100vw, 472px\" \/><\/div><\/div><\/div><\/div><\/div><div class=\"kt-infobox-textcontent\"><h4 class=\"kt-blocks-info-box-title\">Directora del seminario<br\/><strong>ALICIA MIYARES FERN\u00c1NDEZ<\/strong><br\/>Fil\u00f3sofa y Profesora<\/h4><p class=\"kt-blocks-info-box-text\">Es una fil\u00f3sofa y escritora feminista destacada por sus trabajos sobre igualdad y pol\u00edtica, educaci\u00f3n y derechos de ciudadan\u00eda. Doctora en Filosof\u00eda por la Universidad de Oviedo. Desde diciembre de 2020 es profesora en la UNED en el Departamento de Filosof\u00eda Moral y Pol\u00edtica.<br\/>Sus l\u00edneas de investigaci\u00f3n son los aspectos sociales, pol\u00edticos y morales del siglo xix y su repercusi\u00f3n en la historia del feminismo; el feminismo como filosof\u00eda pol\u00edtica; y la democracia actual y su perfeccionamiento.<br\/>Especialista en pol\u00edticas de igualdad y participaci\u00f3n pol\u00edtica, forma parte del proyecto de investigaci\u00f3n &#8220;El camino hacia la paridad&#8221;, de la Universidad de Oviedo. Ha publicado numerosos trabajos sobre la representaci\u00f3n pol\u00edtica de las mujeres en las instituciones y las repercusiones de la aplicaci\u00f3n de las cuotas en los partidos pol\u00edticos, demostrando con cifras c\u00f3mo los cambios impiden a las diputadas consolidar el liderazgo en sus grupos y c\u00f3mo \u2015denuncia Miyares\u2015 \u00ablos varones son insustituibles y las mujeres son intercambiables\u00bb.<\/p><\/div><\/span><\/div>\n<\/div>\n<\/div>\n\n\n\n<hr class=\"wp-block-separator has-text-color has-theme-palette-7-color has-alpha-channel-opacity has-theme-palette-7-background-color has-background is-style-wide\"\/>\n\n\n<div class=\"wp-block-image\">\n<figure class=\"aligncenter size-full\"><a href=\"https:\/\/labigualdad.es\/wp-content\/uploads\/2023\/10\/SEMINARIO-PERMANENTE-IGUALDAD.pdf\" target=\"_blank\" rel=\"noreferrer noopener\"><img loading=\"lazy\" decoding=\"async\" width=\"487\" height=\"400\" src=\"https:\/\/labigualdad.es\/wp-content\/uploads\/2023\/10\/seminario_permanente.jpg\" alt=\"\" class=\"wp-image-766\" srcset=\"https:\/\/labigualdad.es\/wp-content\/uploads\/2023\/10\/seminario_permanente.jpg 487w, https:\/\/labigualdad.es\/wp-content\/uploads\/2023\/10\/seminario_permanente-300x246.jpg 300w\" sizes=\"auto, (max-width: 487px) 100vw, 487px\" \/><\/a><\/figure><\/div>\n\n<style>.wp-block-kadence-advancedbtn.kb-btns107_a7b50d-a3{gap:var(--global-kb-gap-xs, 0.5rem );justify-content:center;align-items:center;}.kt-btns107_a7b50d-a3 .kt-button{font-weight:normal;font-style:normal;}.kt-btns107_a7b50d-a3 .kt-btn-wrap-0{margin-right:5px;}.wp-block-kadence-advancedbtn.kt-btns107_a7b50d-a3 .kt-btn-wrap-0 .kt-button{color:#555555;border-color:#555555;}.wp-block-kadence-advancedbtn.kt-btns107_a7b50d-a3 .kt-btn-wrap-0 .kt-button:hover, .wp-block-kadence-advancedbtn.kt-btns107_a7b50d-a3 .kt-btn-wrap-0 .kt-button:focus{color:#ffffff;border-color:#444444;}.wp-block-kadence-advancedbtn.kt-btns107_a7b50d-a3 .kt-btn-wrap-0 .kt-button::before{display:none;}.wp-block-kadence-advancedbtn.kt-btns107_a7b50d-a3 .kt-btn-wrap-0 .kt-button:hover, .wp-block-kadence-advancedbtn.kt-btns107_a7b50d-a3 .kt-btn-wrap-0 .kt-button:focus{background:#444444;}<\/style>\n<div class=\"wp-block-kadence-advancedbtn kb-buttons-wrap kb-btns107_a7b50d-a3\"><style>.wp-block-kadence-advancedbtn .kb-btn107_8c213a-8f.kb-button, ul.menu .wp-block-kadence-advancedbtn .kb-btn107_8c213a-8f.kb-button{width:440px;}.wp-block-kadence-advancedbtn .kb-btn107_8c213a-8f.kb-button{box-shadow:2px 2px 2px 0px rgba(0, 0, 0, 0.2);}<\/style><a class=\"kb-button kt-button button kb-btn107_8c213a-8f kt-btn-size-standard kt-btn-width-type-fixed kb-btn-global-fill kt-btn-has-text-true kt-btn-has-svg-false  wp-block-kadence-singlebtn\" href=\"https:\/\/labigualdad.es\/wp-content\/uploads\/2023\/10\/SEMINARIO-PERMANENTE-IGUALDAD.pdf\" target=\"_blank\" rel=\"noreferrer noopener\"><span class=\"kt-btn-inner-text\">PROGRAMA DEL SEMINARIO<\/span><\/a><\/div>\n\n\n\n<hr class=\"wp-block-separator has-text-color has-theme-palette-7-color has-alpha-channel-opacity has-theme-palette-7-background-color has-background is-style-wide\"\/>\n\n\n\n<p class=\"has-text-align-center has-theme-palette-7-background-color has-background\"><strong>SOLICITUD DE INSCRIPCI\u00d3N AL SEMINARIO<\/strong><\/p>\n\n\n\n<div class=\"wp-block-columns has-theme-palette-8-background-color has-background is-layout-flex wp-container-core-columns-is-layout-2 wp-block-columns-is-layout-flex\">\n<div class=\"wp-block-column is-layout-flow wp-block-column-is-layout-flow\" style=\"flex-basis:12%\"><\/div>\n\n\n\n<div class=\"wp-block-column is-layout-flow wp-block-column-is-layout-flow\" style=\"flex-basis:76%\"><div class=\"forminator-ui forminator-custom-form forminator-custom-form-793 forminator-design--default  forminator_ajax\" data-forminator-render=\"0\" data-form=\"forminator-module-793\" data-uid=\"69fb3b6a0916a\"><br\/><\/div><form\n\t\t\t\tid=\"forminator-module-793\"\n\t\t\t\tclass=\"forminator-ui forminator-custom-form forminator-custom-form-793 forminator-design--default  forminator_ajax\"\n\t\t\t\tmethod=\"post\"\n\t\t\t\tdata-forminator-render=\"0\"\n\t\t\t\tdata-form-id=\"793\"\n\t\t\t\t\n\t\t\t\tdata-design=\"default\"\n\t\t\t\tdata-color-option=\"default\"\n\t\t\t\t\n\t\t\t\t\n\t\t\t\t\n\t\t\t\tdata-grid=\"open\"\n\t\t\t\t\n\t\t\t\t\n\t\t\t\tstyle=\"display: none;\"\n\t\t\t\t\n\t\t\t\tdata-uid=\"69fb3b6a0916a\"\n\t\t\t><div role=\"alert\" aria-live=\"polite\" class=\"forminator-response-message forminator-error\" aria-hidden=\"true\"><\/div><div class=\"forminator-row\"><div id=\"name-1\" class=\"forminator-field-name forminator-col forminator-col-12 \"><div class=\"forminator-field\"><label for=\"forminator-field-name-1_69fb3b6a0916a\" id=\"forminator-field-name-1_69fb3b6a0916a-label\" class=\"forminator-label\">Nombre y Apellidos <span class=\"forminator-required\">*<\/span><\/label><input type=\"text\" name=\"name-1\" value=\"\" placeholder=\"\" id=\"forminator-field-name-1_69fb3b6a0916a\" class=\"forminator-input forminator-name--field\" aria-required=\"true\" \/><\/div><\/div><\/div><div class=\"forminator-row\"><div id=\"text-1\" class=\"forminator-field-text forminator-col forminator-col-12 \"><div class=\"forminator-field\"><label for=\"forminator-field-text-1_69fb3b6a0916a\" id=\"forminator-field-text-1_69fb3b6a0916a-label\" class=\"forminator-label\">Cargo<\/label><input type=\"text\" name=\"text-1\" value=\"\" placeholder=\"\" id=\"forminator-field-text-1_69fb3b6a0916a\" class=\"forminator-input forminator-name--field\" data-required=\"\" \/><\/div><\/div><\/div><div class=\"forminator-row\"><div id=\"text-2\" class=\"forminator-field-text forminator-col forminator-col-12 \"><div class=\"forminator-field\"><label for=\"forminator-field-text-2_69fb3b6a0916a\" id=\"forminator-field-text-2_69fb3b6a0916a-label\" class=\"forminator-label\">Entidad a la que pertenece<\/label><input type=\"text\" name=\"text-2\" value=\"\" placeholder=\"\" id=\"forminator-field-text-2_69fb3b6a0916a\" class=\"forminator-input forminator-name--field\" data-required=\"\" \/><\/div><\/div><\/div><div class=\"forminator-row\"><div id=\"phone-1\" class=\"forminator-field-phone forminator-col forminator-col-12 \"><div class=\"forminator-field\"><label for=\"forminator-field-phone-1_69fb3b6a0916a\" id=\"forminator-field-phone-1_69fb3b6a0916a-label\" class=\"forminator-label\">Tel\u00e9fono<\/label><input type=\"text\" name=\"phone-1\" value=\"\" placeholder=\"\" id=\"forminator-field-phone-1_69fb3b6a0916a\" class=\"forminator-input forminator-field--phone\" data-required=\"\" aria-required=\"false\" autocomplete=\"off\" \/><\/div><\/div><\/div><div class=\"forminator-row\"><div id=\"email-1\" class=\"forminator-field-email forminator-col forminator-col-12 \"><div class=\"forminator-field\"><label for=\"forminator-field-email-1_69fb3b6a0916a\" id=\"forminator-field-email-1_69fb3b6a0916a-label\" class=\"forminator-label\">Correo electr\u00f3nico <span class=\"forminator-required\">*<\/span><\/label><input type=\"email\" name=\"email-1\" value=\"\" placeholder=\"\" id=\"forminator-field-email-1_69fb3b6a0916a\" class=\"forminator-input forminator-email--field\" data-required=\"1\" aria-required=\"true\" \/><\/div><\/div><\/div><div class=\"forminator-row\"><div id=\"checkbox-1\" class=\"forminator-field-checkbox forminator-col forminator-col-12 \"><div role=\"group\" class=\"forminator-field required\" aria-labelledby=\"forminator-checkbox-group-forminator-field-checkbox-1-69fb3b6a0916a-label\"><span id=\"forminator-checkbox-group-forminator-field-checkbox-1-69fb3b6a0916a-label\" class=\"forminator-label\">Casilla de verificaci\u00f3n <span class=\"forminator-required\">*<\/span><\/span><label id=\"forminator-field-checkbox-1-1-69fb3b6a0916a-label\" for=\"forminator-field-checkbox-1-1-69fb3b6a0916a\" class=\"forminator-checkbox\" title=\"No soy un robot\"><input type=\"checkbox\" name=\"checkbox-1[]\" value=\"one\" id=\"forminator-field-checkbox-1-1-69fb3b6a0916a\" aria-labelledby=\"forminator-field-checkbox-1-1-69fb3b6a0916a-label\" data-calculation=\"0\"   data-hidden-behavior=\"zero\"\/><span class=\"forminator-checkbox-box\" aria-hidden=\"true\"><\/span><span class=\"forminator-checkbox-label\">No soy un robot<\/span><\/label><\/div><\/div><\/div><input type=\"hidden\" name=\"referer_url\" value=\"\" \/><div class=\"forminator-row forminator-row-last\"><div class=\"forminator-col\"><div class=\"forminator-field\"><button class=\"forminator-button forminator-button-submit\">Enviar SOLICITUD<\/button><\/div><\/div><\/div><input type=\"hidden\" id=\"forminator_nonce\" name=\"forminator_nonce\" value=\"0fb7085be2\" \/><input type=\"hidden\" name=\"_wp_http_referer\" value=\"\/index.php\/wp-json\/wp\/v2\/pages\/107\" \/><input type=\"hidden\" name=\"form_id\" value=\"793\"><input type=\"hidden\" name=\"page_id\" value=\"107\"><input type=\"hidden\" name=\"form_type\" value=\"default\"><input type=\"hidden\" name=\"current_url\" value=\"https:\/\/labigualdad.es\/index.php\/seminario-permanente\/\"><input type=\"hidden\" name=\"render_id\" value=\"0\"><input type=\"hidden\" name=\"action\" value=\"forminator_submit_form_custom-forms\"><\/form>\n<\/div>\n\n\n\n<div class=\"wp-block-column is-layout-flow wp-block-column-is-layout-flow\" style=\"flex-basis:12%\"><\/div>\n<\/div>\n","protected":false},"excerpt":{"rendered":"<p>Seminario Permanente sobre Gobernanza y Pol\u00edticas Locales de Igualdad en la Administraci\u00f3n Local. La Agenda de las Pol\u00edticas de Igualdad. Objetivo Crear un espacio de an\u00e1lisis, reflexi\u00f3n y acci\u00f3n para dirigentes de entidades locales que deben afrontar el dise\u00f1o y desarrollo de pol\u00edticas p\u00fablicas en materia de igualdad entre hombres y mujeres ante uno de&#8230;<\/p>\n","protected":false},"author":1,"featured_media":0,"parent":0,"menu_order":0,"comment_status":"closed","ping_status":"closed","template":"","meta":{"_kad_post_transparent":"","_kad_post_title":"default","_kad_post_layout":"","_kad_post_sidebar_id":"","_kad_post_content_style":"","_kad_post_vertical_padding":"","_kad_post_feature":"","_kad_post_feature_position":"","_kad_post_header":false,"_kad_post_footer":false,"footnotes":""},"class_list":["post-107","page","type-page","status-publish","hentry"],"_links":{"self":[{"href":"https:\/\/labigualdad.es\/index.php\/wp-json\/wp\/v2\/pages\/107","targetHints":{"allow":["GET"]}}],"collection":[{"href":"https:\/\/labigualdad.es\/index.php\/wp-json\/wp\/v2\/pages"}],"about":[{"href":"https:\/\/labigualdad.es\/index.php\/wp-json\/wp\/v2\/types\/page"}],"author":[{"embeddable":true,"href":"https:\/\/labigualdad.es\/index.php\/wp-json\/wp\/v2\/users\/1"}],"replies":[{"embeddable":true,"href":"https:\/\/labigualdad.es\/index.php\/wp-json\/wp\/v2\/comments?post=107"}],"version-history":[{"count":50,"href":"https:\/\/labigualdad.es\/index.php\/wp-json\/wp\/v2\/pages\/107\/revisions"}],"predecessor-version":[{"id":819,"href":"https:\/\/labigualdad.es\/index.php\/wp-json\/wp\/v2\/pages\/107\/revisions\/819"}],"wp:attachment":[{"href":"https:\/\/labigualdad.es\/index.php\/wp-json\/wp\/v2\/media?parent=107"}],"curies":[{"name":"wp","href":"https:\/\/api.w.org\/{rel}","templated":true}]}}